{"id":123,"date":"2023-01-03T11:08:45","date_gmt":"2023-01-03T10:08:45","guid":{"rendered":"http:\/\/arka-finance.com\/accueil\/"},"modified":"2026-04-09T18:44:29","modified_gmt":"2026-04-09T16:44:29","slug":"accueil","status":"publish","type":"page","link":"https:\/\/arka-finance.com\/en\/","title":{"rendered":"Home"},"content":{"rendered":"","protected":false},"excerpt":{"rendered":"","protected":false},"author":1,"featured_media":0,"parent":0,"menu_order":0,"comment_status":"closed","ping_status":"closed","template":"page-accueil.php","meta":{"_acf_changed":false,"footnotes":""},"class_list":["post-123","page","type-page","status-publish","hentry"],"acf":[],"yoast_head":"<!-- This site is optimized with the Yoast SEO plugin v27.5 - https:\/\/yoast.com\/product\/yoast-seo-wordpress\/ -->\n<title>ARKA FINANCE<\/title>\n<meta name=\"description\" content=\"Investment bank specialising in M&amp;A and capital raising for SMEs and SMIs\" \/>\n<meta name=\"robots\" content=\"index, follow, max-snippet:-1, max-image-preview:large, max-video-preview:-1\" \/>\n<link rel=\"canonical\" href=\"https:\/\/arka-finance.com\/en\/\" \/>\n<meta property=\"og:locale\" content=\"en_US\" \/>\n<meta property=\"og:type\" content=\"article\" \/>\n<meta property=\"og:title\" content=\"ARKA FINANCE\" \/>\n<meta property=\"og:description\" content=\"Investment bank specialising in M&amp;A and capital raising for SMEs and SMIs\" \/>\n<meta property=\"og:url\" content=\"https:\/\/arka-finance.com\/en\/\" \/>\n<meta property=\"og:site_name\" content=\"ARKA FINANCE\" \/>\n<meta property=\"article:modified_time\" content=\"2026-04-09T16:44:29+00:00\" \/>\n<meta name=\"twitter:card\" content=\"summary_large_image\" \/>\n<script type=\"application\/ld+json\" class=\"yoast-schema-graph\">{\"@context\":\"https:\\\/\\\/schema.org\",\"@graph\":[{\"@type\":\"WebPage\",\"@id\":\"https:\\\/\\\/arka-finance.com\\\/en\\\/\",\"url\":\"https:\\\/\\\/arka-finance.com\\\/en\\\/\",\"name\":\"ARKA FINANCE\",\"isPartOf\":{\"@id\":\"https:\\\/\\\/arka-finance.com\\\/#website\"},\"datePublished\":\"2023-01-03T10:08:45+00:00\",\"dateModified\":\"2026-04-09T16:44:29+00:00\",\"description\":\"Investment bank specialising in M&A and capital raising for SMEs and SMIs\",\"breadcrumb\":{\"@id\":\"https:\\\/\\\/arka-finance.com\\\/en\\\/#breadcrumb\"},\"inLanguage\":\"en-US\",\"potentialAction\":[{\"@type\":\"ReadAction\",\"target\":[\"https:\\\/\\\/arka-finance.com\\\/en\\\/\"]}]},{\"@type\":\"BreadcrumbList\",\"@id\":\"https:\\\/\\\/arka-finance.com\\\/en\\\/#breadcrumb\",\"itemListElement\":[{\"@type\":\"ListItem\",\"position\":1,\"name\":\"Home\",\"item\":\"https:\\\/\\\/arka-finance.com\\\/en\\\/\"},{\"@type\":\"ListItem\",\"position\":2,\"name\":\"Home\"}]},{\"@type\":\"WebSite\",\"@id\":\"https:\\\/\\\/arka-finance.com\\\/#website\",\"url\":\"https:\\\/\\\/arka-finance.com\\\/\",\"name\":\"ARKA FINANCE\",\"description\":\"Banque d\u2019affaires sp\u00e9cialis\u00e9e dans les op\u00e9rations de M&amp;A et de lev\u00e9e de fonds pour les PME et ETI\",\"potentialAction\":[{\"@type\":\"SearchAction\",\"target\":{\"@type\":\"EntryPoint\",\"urlTemplate\":\"https:\\\/\\\/arka-finance.com\\\/?s={search_term_string}\"},\"query-input\":{\"@type\":\"PropertyValueSpecification\",\"valueRequired\":true,\"valueName\":\"search_term_string\"}}],\"inLanguage\":\"en-US\"}]}<\/script>\n<!-- \/ Yoast SEO plugin. -->","yoast_head_json":{"title":"ARKA FINANCE","description":"Investment bank specialising in M&A and capital raising for SMEs and SMIs","robots":{"index":"index","follow":"follow","max-snippet":"max-snippet:-1","max-image-preview":"max-image-preview:large","max-video-preview":"max-video-preview:-1"},"canonical":"https:\/\/arka-finance.com\/en\/","og_locale":"en_US","og_type":"article","og_title":"ARKA FINANCE","og_description":"Investment bank specialising in M&A and capital raising for SMEs and SMIs","og_url":"https:\/\/arka-finance.com\/en\/","og_site_name":"ARKA FINANCE","article_modified_time":"2026-04-09T16:44:29+00:00","twitter_card":"summary_large_image","schema":{"@context":"https:\/\/schema.org","@graph":[{"@type":"WebPage","@id":"https:\/\/arka-finance.com\/en\/","url":"https:\/\/arka-finance.com\/en\/","name":"ARKA FINANCE","isPartOf":{"@id":"https:\/\/arka-finance.com\/#website"},"datePublished":"2023-01-03T10:08:45+00:00","dateModified":"2026-04-09T16:44:29+00:00","description":"Investment bank specialising in M&A and capital raising for SMEs and SMIs","breadcrumb":{"@id":"https:\/\/arka-finance.com\/en\/#breadcrumb"},"inLanguage":"en-US","potentialAction":[{"@type":"ReadAction","target":["https:\/\/arka-finance.com\/en\/"]}]},{"@type":"BreadcrumbList","@id":"https:\/\/arka-finance.com\/en\/#breadcrumb","itemListElement":[{"@type":"ListItem","position":1,"name":"Home","item":"https:\/\/arka-finance.com\/en\/"},{"@type":"ListItem","position":2,"name":"Home"}]},{"@type":"WebSite","@id":"https:\/\/arka-finance.com\/#website","url":"https:\/\/arka-finance.com\/","name":"ARKA FINANCE","description":"Banque d\u2019affaires sp\u00e9cialis\u00e9e dans les op\u00e9rations de M&amp;A et de lev\u00e9e de fonds pour les PME et ETI","potentialAction":[{"@type":"SearchAction","target":{"@type":"EntryPoint","urlTemplate":"https:\/\/arka-finance.com\/?s={search_term_string}"},"query-input":{"@type":"PropertyValueSpecification","valueRequired":true,"valueName":"search_term_string"}}],"inLanguage":"en-US"}]}},"_links":{"self":[{"href":"https:\/\/arka-finance.com\/en\/wp-json\/wp\/v2\/pages\/123","targetHints":{"allow":["GET"]}}],"collection":[{"href":"https:\/\/arka-finance.com\/en\/wp-json\/wp\/v2\/pages"}],"about":[{"href":"https:\/\/arka-finance.com\/en\/wp-json\/wp\/v2\/types\/page"}],"author":[{"embeddable":true,"href":"https:\/\/arka-finance.com\/en\/wp-json\/wp\/v2\/users\/1"}],"replies":[{"embeddable":true,"href":"https:\/\/arka-finance.com\/en\/wp-json\/wp\/v2\/comments?post=123"}],"version-history":[{"count":48,"href":"https:\/\/arka-finance.com\/en\/wp-json\/wp\/v2\/pages\/123\/revisions"}],"predecessor-version":[{"id":405,"href":"https:\/\/arka-finance.com\/en\/wp-json\/wp\/v2\/pages\/123\/revisions\/405"}],"wp:attachment":[{"href":"https:\/\/arka-finance.com\/en\/wp-json\/wp\/v2\/media?parent=123"}],"curies":[{"name":"wp","href":"https:\/\/api.w.org\/{rel}","templated":true}]}}